{"id":29,"date":"2019-09-10T11:13:58","date_gmt":"2019-09-10T11:13:58","guid":{"rendered":"http:\/\/maibaumfreunde-utting.de\/?page_id=29"},"modified":"2025-03-10T19:43:24","modified_gmt":"2025-03-10T19:43:24","slug":"kontakt","status":"publish","type":"page","link":"https:\/\/www.maibaumfreunde-utting.de\/index.php\/kontakt\/","title":{"rendered":"Kontakt"},"content":{"rendered":"<section  class='av_textblock_section av-lbouch2p-206ced1cc0ef018a42a3c4fa9245c750 '   itemscope=\"itemscope\" itemtype=\"https:\/\/schema.org\/CreativeWork\" ><div class='avia_textblock'  itemprop=\"text\" ><h1>Kontakt zu den Maibaumfreunden\u00a0<strong>Utting am Ammersee\u00a0<\/strong>e.V.<\/h1>\n<p>Wir sind f\u00fcr Sie erreichbar:<\/p>\n<p><strong>1. Vorstand: Dr. Martin Schubert<\/strong><br \/>\nHolzhausener Str. 55, 86919 Utting<br \/>\nTel. 08806 924024<br \/>\nmartin (at) maibaumfreunde-utting.de<\/p>\n<p><strong>2. Vorstand: Ralph Seiz<\/strong><br \/>\nTel: 0151 60120631<br \/>\nRalph(at)maibaumfreunde-utting.de<\/p>\n<p><strong>Kassier: Michael Vierheilig<\/strong><br \/>\nTel: 08806 958496<br \/>\nmichael (at) maibaumfreunde-utting.de<\/p>\n<p><strong>Schriftf\u00fchrer: David Schmidt<\/strong><br \/>\ndavidvonschmidt1985(at)gmail.com<br \/>\nTel: 0171 83 44 625<\/p>\n<p><strong>Mitmachen<\/strong><\/p>\n<p>F\u00fcr nur 12,-\u20ac j\u00e4hrlich k\u00f6nnen Sie Mitglied bei den Maibaumfreunden werden. Unseren <a href=\"https:\/\/www.maibaumfreunde-utting.de\/wp-content\/uploads\/2024\/06\/Aufnahmeantrag-Sepa-Maibaumfreunde.pdf\"><strong>Aufnahmeantrag<\/strong> finden Sie hier<\/a>. Einfach Formular ausdrucken, ausf\u00fcllen und unserem Vorstand schicken, faxen oder einem unserer Vorst\u00e4nde in die Hand dr\u00fccken. Wir freuen uns auf Sie!<\/p>\n<p>Gern nehmen wir auch Spenden entgegen. Spenden bis 200,-\u20ac erkennt das Finanzamt direkt an.<\/p>\n<p><strong>Kontoinhaber:<\/strong> Maibaumfreunde Utting e.V.<br \/>\n<strong>IBAN:<\/strong> DE58 7009 1600 0000 2522 98<br \/>\n<strong>BIC:<\/strong> GENODEF 1DSS<br \/>\n<strong>Betreff:<\/strong> Spende an die Maibaumfreunde Utting e.V.<\/p>\n<\/div><\/section>\n","protected":false},"excerpt":{"rendered":"","protected":false},"author":3,"featured_media":0,"parent":0,"menu_order":0,"comment_status":"closed","ping_status":"closed","template":"","meta":{"footnotes":""},"class_list":["post-29","page","type-page","status-publish","hentry"],"_links":{"self":[{"href":"https:\/\/www.maibaumfreunde-utting.de\/index.php\/wp-json\/wp\/v2\/pages\/29","targetHints":{"allow":["GET"]}}],"collection":[{"href":"https:\/\/www.maibaumfreunde-utting.de\/index.php\/wp-json\/wp\/v2\/pages"}],"about":[{"href":"https:\/\/www.maibaumfreunde-utting.de\/index.php\/wp-json\/wp\/v2\/types\/page"}],"author":[{"embeddable":true,"href":"https:\/\/www.maibaumfreunde-utting.de\/index.php\/wp-json\/wp\/v2\/users\/3"}],"replies":[{"embeddable":true,"href":"https:\/\/www.maibaumfreunde-utting.de\/index.php\/wp-json\/wp\/v2\/comments?post=29"}],"version-history":[{"count":41,"href":"https:\/\/www.maibaumfreunde-utting.de\/index.php\/wp-json\/wp\/v2\/pages\/29\/revisions"}],"predecessor-version":[{"id":2714,"href":"https:\/\/www.maibaumfreunde-utting.de\/index.php\/wp-json\/wp\/v2\/pages\/29\/revisions\/2714"}],"wp:attachment":[{"href":"https:\/\/www.maibaumfreunde-utting.de\/index.php\/wp-json\/wp\/v2\/media?parent=29"}],"curies":[{"name":"wp","href":"https:\/\/api.w.org\/{rel}","templated":true}]}}